{"id":3959,"date":"2021-04-02T17:18:38","date_gmt":"2021-04-03T00:18:38","guid":{"rendered":"https:\/\/connectnw.net\/comcast-washington\/?page_id=3959"},"modified":"2021-08-20T16:16:38","modified_gmt":"2021-08-20T23:16:38","slug":"oak-harbor-wa-espanol","status":"publish","type":"page","link":"https:\/\/connectnw.net\/comcast-washington\/oak-harbor-wa-espanol\/","title":{"rendered":"Oak Harbor WA espanol"},"content":{"rendered":"<p><div class=\"fusion-fullwidth fullwidth-box fusion-builder-row-1 fusion-parallax-fixed nonhundred-percent-fullwidth non-hundred-percent-height-scrolling\" style=\"background-color: rgba(255,255,255,0);background-image: url(&quot;https:\/\/connectnw.net\/comcast-washington\/wp-content\/uploads\/2018\/01\/Comcast-wa.jpg&quot;);background-position: center center;background-repeat: no-repeat;padding-top:100px;padding-right:0px;padding-bottom:100px;padding-left:0px;margin-bottom: 0px;margin-top: 0px;border-width: 0px 0px 0px 0px;border-color:#eae9e9;border-style:solid;-webkit-background-size:cover;-moz-background-size:cover;-o-background-size:cover;background-size:cover;background-attachment:fixed;\" ><div class=\"fusion-builder-row fusion-row\"><div class=\"fusion-layout-column fusion_builder_column fusion-builder-column-0 fusion_builder_column_1_1 1_1 fusion-one-full fusion-column-first fusion-column-last\" style=\"margin-top:0px;margin-bottom:0px;\"><div class=\"fusion-column-wrapper fusion-flex-column-wrapper-legacy\" style=\"background-position:left top;background-repeat:no-repeat;-webkit-background-size:cover;-moz-background-size:cover;-o-background-size:cover;background-size:cover;padding: 0px 0px 0px 0px;\"><div class=\"fusion-text fusion-text-1\"><p style=\"text-align: center; font-size: 40px;\"><span style=\"color: #ffffff;\">Bienvenido El servicio de Internet de alta velocidad, tel\u00e9fono residencial, seguridad para el hogar y TV de XFINITY\u00ae est\u00e1 disponible en Oak Harbor WA<\/span><\/p>\n<\/div><div class=\"fusion-aligncenter\"><style>.fusion-body .fusion-button.button-1 .fusion-button-text,.fusion-body .fusion-button.button-1 i{color:#ffffff;}.fusion-body .fusion-button.button-1{border-color:#ffffff;border-radius:2px 2px 2px 2px;background:#ff0000;}.fusion-body .fusion-button.button-1:hover .fusion-button-text,.fusion-body .fusion-button.button-1:hover i,.fusion-body .fusion-button.button-1:focus .fusion-button-text,.fusion-body .fusion-button.button-1:focus i,.fusion-body .fusion-button.button-1:active .fusion-button-text,.fusion-body .fusion-button.button-1:active i{color:#ff0000;}.fusion-body .fusion-button.button-1:hover,.fusion-body .fusion-button.button-1:active,.fusion-body .fusion-button.button-1:focus{border-color:#ff0000;background:#ffffff;}<\/style><a class=\"fusion-button button-flat button-xlarge button-custom button-1 fusion-button-default-span fusion-button-default-type sg-popup-id-1\" target=\"_self\" href=\"#\"><span class=\"fusion-button-text\">SOLICITA UNA CITA<\/span><\/a><\/div><div class=\"fusion-sep-clear\"><\/div><div class=\"fusion-separator fusion-full-width-sep\" style=\"margin-left: auto;margin-right: auto;margin-top:5px;width:100%;\"><div class=\"fusion-separator-border sep-double\" style=\"border-color:#ffffff;border-top-width:0px;border-bottom-width:0px;\"><\/div><\/div><div class=\"fusion-sep-clear\"><\/div><div class=\"fusion-aligncenter\"><style>.fusion-body .fusion-button.button-2 .fusion-button-text,.fusion-body .fusion-button.button-2 i{color:#ffffff;}.fusion-body .fusion-button.button-2{border-color:#ffffff;border-radius:2px 2px 2px 2px;background:#ff0000;}.fusion-body .fusion-button.button-2:hover .fusion-button-text,.fusion-body .fusion-button.button-2:hover i,.fusion-body .fusion-button.button-2:focus .fusion-button-text,.fusion-body .fusion-button.button-2:focus i,.fusion-body .fusion-button.button-2:active .fusion-button-text,.fusion-body .fusion-button.button-2:active i{color:#ff0000;}.fusion-body .fusion-button.button-2:hover,.fusion-body .fusion-button.button-2:active,.fusion-body .fusion-button.button-2:focus{border-color:#ff0000;background:#ffffff;}<\/style><a class=\"fusion-button button-flat button-xlarge button-custom button-2 fusion-button-default-span fusion-button-default-type\" target=\"_self\" href=\"tel:1-360-746-7030\"><span class=\"fusion-button-text\">LLAMA AL: 360-746-7030<\/span><\/a><\/div><div class=\"fusion-clearfix\"><\/div><\/div><\/div><\/div><\/div><div class=\"fusion-fullwidth fullwidth-box fusion-builder-row-2 hundred-percent-fullwidth non-hundred-percent-height-scrolling\" style=\"background-color: rgba(255,255,255,0);background-position: center center;background-repeat: no-repeat;padding-top:10px;padding-right:0px;padding-bottom:10px;padding-left:0px;margin-bottom: 0px;margin-top: 0px;border-width: 0px 0px 0px 0px;border-color:#eae9e9;border-style:solid;\" ><div class=\"fusion-builder-row fusion-row\"><div class=\"fusion-layout-column fusion_builder_column fusion-builder-column-1 fusion_builder_column_1_1 1_1 fusion-one-full fusion-column-first fusion-column-last\" style=\"margin-top:0px;margin-bottom:20px;\"><div class=\"fusion-column-wrapper fusion-flex-column-wrapper-legacy\" style=\"background-position:left top;background-repeat:no-repeat;-webkit-background-size:cover;-moz-background-size:cover;-o-background-size:cover;background-size:cover;padding: 0px 0px 0px 0px;\"><marquee behavior=scroll direction=\"left\" scrollamount=\"15\"><p style=\"font-size:45px; font-weight:bold; color:#f40303; text-align:center;\">Residentes de Oak Harbor WA: ahorra en tu internet, TV, servicios de llamada, seguridad de tu hogar y automatizaci\u00f3n con Xfinity\u00ae. <\/p><\/marquee><div class=\"fusion-clearfix\"><\/div><\/div><\/div><\/div><\/div><div class=\"fusion-fullwidth fullwidth-box fusion-builder-row-3 hundred-percent-fullwidth non-hundred-percent-height-scrolling\" style=\"background-color: rgba(255,255,255,0);background-position: center center;background-repeat: no-repeat;padding-top:0px;padding-right:0px;padding-bottom:0px;padding-left:0px;margin-bottom: 0px;margin-top: 0px;border-width: 0px 0px 0px 0px;border-color:#eae9e9;border-style:solid;\" ><div class=\"fusion-builder-row fusion-row\"><div class=\"fusion-layout-column fusion_builder_column fusion-builder-column-2 fusion_builder_column_2_3 2_3 fusion-two-third fusion-column-first\" style=\"width:66.666666666667%;width:calc(66.666666666667% - ( ( 4% ) * 0.66666666666667 ) );margin-right: 4%;margin-top:0px;margin-bottom:20px;\"><div class=\"fusion-column-wrapper fusion-flex-column-wrapper-legacy\" style=\"background-position:left top;background-repeat:no-repeat;-webkit-background-size:cover;-moz-background-size:cover;-o-background-size:cover;background-size:cover;padding: 0px 0px 0px 0px;\"><div class=\"fusion-text fusion-text-2\"><h2 style=\"text-align: center;\"><em>Xfinity\u00aees l\u00edder en la industria del internet, tanto en velocidad como en atenci\u00f3n al cliente. Con velocidades de hasta 1 gigabyte, es muy f\u00e1cil ver el porqu\u00e9. Nuestro servicio es super r\u00e1pido, siempre funcionando, y muy seguro. Ll\u00e1manos hoy, y as\u00ed podr\u00e1s saber si la direcci\u00f3n de tu hogar o negocio califica para el servicio.<\/em><\/h2>\n<h2 style=\"text-align: center;\"><em>\u00a0<\/em><\/h2>\n<\/div><div class=\"fusion-text fusion-text-3\"><h1>Con XFINITY\u00ae Internet: vaya m\u00e1s lejos, m\u00e1s r\u00e1pido y m\u00e1s barato en Oak Harbor WA<\/h1>\n<\/div><div class=\"fusion-text fusion-text-4\"><h1><strong>Con el internet Xfinity: Avanza m\u00e1s all\u00e1, el m\u00e1s r\u00e1pido y barato de Oak Harbor WA<\/strong><\/h1>\n<p>Un viaje hacia Oak Harbor y una vista hacia los horizontes de la ciudad te demostrar\u00e1 que est\u00e1n bendecidos por la vista de los \u00e1rboles de roble blancos, una imagen que encaja perfectamente y puede decirle a alguien el porqu\u00e9 del nombre de la ciudad. Oak Harbor est\u00e1 en el condado de Island, en el estado de Washington. Es una peque\u00f1a ciudad que se identifica por la diversidad en el patrimonio de culturas, que hacen a Oak Harbor, lo que es.<\/p>\n<p>Debido a su proximidad estrategia hacia Whidbey Island, la estaci\u00f3n Naval y A\u00e9rea de Oak Harbor, tambi\u00e9n es referida como un \u201c<em>pueblo militar<\/em>\u201d por sus habitantes. El pueblo tiene una poblaci\u00f3n significativamente peque\u00f1a debido a su tama\u00f1o. El tiempo promedio de viaje cuando se va en autom\u00f3vil es aproximadamente de 30 minutos. La ciudad cuenta con todas las comodidades que pueden hacer para una vida m\u00e1s placentera.Oak Harbor tiene una comunidad activa que est\u00e1 bien conectada, llena de gente amigable. En esta tranquila y encantadora ciudad, la delincuencia es pr\u00e1cticamente nula, ya que los lugare\u00f1os est\u00e1n estrechamente unidos por el esp\u00edritu de la misma.<\/p>\n<p>Existen muchas iniciativas de negocios de peque\u00f1a escala en la ciudad, pero los condados cercanos ofrecen gran plenitud de oportunidades, haciendo a Oak Harbor un gran lugar para vivir. Debido a la presencia de una comunidad bien conectada, el poder proveer a sus ciudadanos de servicios de internet banda ancha, telefon\u00eda y televisi\u00f3n por cable, es una gran oportunidad para los ISP (proveedores de servicio). XFINITY HOME es uno de los nombres m\u00e1s premium y conocidos en el sector tecnol\u00f3gico. El otorgar conectividad superior de alta velocidad y opciones de suscripci\u00f3n econ\u00f3micas, ponen a la marca XFINITY HOME en una clara ventaja.<\/p>\n<\/div><div class=\"fusion-aligncenter\"><style>.fusion-body .fusion-button.button-3 .fusion-button-text,.fusion-body .fusion-button.button-3 i{color:#ffffff;}.fusion-body .fusion-button.button-3{border-color:#ffffff;border-radius:2px 2px 2px 2px;background:#ff0000;}.fusion-body .fusion-button.button-3:hover .fusion-button-text,.fusion-body .fusion-button.button-3:hover i,.fusion-body .fusion-button.button-3:focus .fusion-button-text,.fusion-body .fusion-button.button-3:focus i,.fusion-body .fusion-button.button-3:active .fusion-button-text,.fusion-body .fusion-button.button-3:active i{color:#ff0000;}.fusion-body .fusion-button.button-3:hover,.fusion-body .fusion-button.button-3:active,.fusion-body .fusion-button.button-3:focus{border-color:#ff0000;background:#ffffff;}<\/style><a class=\"fusion-button button-flat button-xlarge button-custom button-3 fusion-button-default-span fusion-button-default-type sg-popup-id-1\" target=\"_self\" href=\"#\"><span class=\"fusion-button-text\">SOLICITA UNA CITA<\/span><\/a><\/div><div class=\"fusion-sep-clear\"><\/div><div class=\"fusion-separator fusion-full-width-sep\" style=\"margin-left: auto;margin-right: auto;margin-top:5px;width:100%;\"><div class=\"fusion-separator-border sep-double\" style=\"border-color:#ffffff;border-top-width:0px;border-bottom-width:0px;\"><\/div><\/div><div class=\"fusion-sep-clear\"><\/div><div class=\"fusion-aligncenter\"><style>.fusion-body .fusion-button.button-4 .fusion-button-text,.fusion-body .fusion-button.button-4 i{color:#ffffff;}.fusion-body .fusion-button.button-4{border-color:#ffffff;border-radius:2px 2px 2px 2px;background:#ff0000;}.fusion-body .fusion-button.button-4:hover .fusion-button-text,.fusion-body .fusion-button.button-4:hover i,.fusion-body .fusion-button.button-4:focus .fusion-button-text,.fusion-body .fusion-button.button-4:focus i,.fusion-body .fusion-button.button-4:active .fusion-button-text,.fusion-body .fusion-button.button-4:active i{color:#ff0000;}.fusion-body .fusion-button.button-4:hover,.fusion-body .fusion-button.button-4:active,.fusion-body .fusion-button.button-4:focus{border-color:#ff0000;background:#ffffff;}<\/style><a class=\"fusion-button button-flat button-xlarge button-custom button-4 fusion-button-default-span fusion-button-default-type\" target=\"_self\" href=\"tel:360-746-7030\"><span class=\"fusion-button-text\">LLAMA AL: 360-746-7030<\/span><\/a><\/div><div class=\"fusion-clearfix\"><\/div><\/div><\/div><div class=\"fusion-layout-column fusion_builder_column fusion-builder-column-3 fusion_builder_column_1_3 1_3 fusion-one-third fusion-column-last\" style=\"width:33.333333333333%;width:calc(33.333333333333% - ( ( 4% ) * 0.33333333333333 ) );margin-top:0px;margin-bottom:20px;\"><div class=\"fusion-column-wrapper fusion-flex-column-wrapper-legacy\" style=\"background-position:left top;background-repeat:no-repeat;-webkit-background-size:cover;-moz-background-size:cover;-o-background-size:cover;background-size:cover;padding: 0px 0px 0px 0px;\"><iframe src=\"https:\/\/www.google.com\/maps\/embed?pb=!1m18!1m12!1m3!1d2654.735970452108!2d-122.66175118399718!3d48.288695179235795!2m3!1f0!2f0!3f0!3m2!1i1024!2i768!4f13.1!3m3!1m2!1s0x548f8a3e09142747%3A0xf75d5cc739e9fa6c!2s31531%20WA-20%20%232%2C%20Oak%20Harbor%2C%20WA%2098277%2C%20USA!5e0!3m2!1sen!2sin!4v1617408862189!5m2!1sen!2sin\" width=\"450\" height=\"450\" style=\"border:0;\" allowfullscreen=\"\" loading=\"lazy\"><\/iframe><div class=\"fusion-text fusion-text-5\"><div class=\"fusion-text\">\n<div class=\"mod\" data-md=\"50\" data-hveid=\"153\" data-ved=\"0ahUKEwj2otaftsfYAhXEQI8KHVkbDN8QkCkImQEoATAS\">\n<div class=\"_cgc kno-fb-ctx\" data-hveid=\"154\" data-ved=\"0ahUKEwj2otaftsfYAhXEQI8KHVkbDN8QziAImgEoADAS\">\n<div class=\"r-ioqrKIre9eHM\">\n<h2><strong>La ciudad de Oak Harbor en Washington<\/strong><\/h2>\n<p>La ciudad de Oak Harbor est\u00e1 localizada en Whidbey Island en el condado Island, Washington. La poblaci\u00f3n era de 22.075 en el censo realizado durante 2010.\u00a0 Oak Harbor fue incorporado el 14 de mayo de 1915.<\/p>\n<p><strong>C\u00f3digos postales<\/strong>: 98277-98278<\/p>\n<p><strong>Clima<\/strong>: 8\u00b0C, Vento al sureste de 16 Km\/h, 88% de humedad.<\/p>\n<\/div>\n<\/div>\n<\/div>\n<\/div>\n<\/div><div class=\"fusion-text fusion-text-6\"><h2 style=\"text-align: center;\"><strong>N\u00fameros y enlaces de utilidad<\/strong><\/h2>\n<p style=\"text-align: center;\">Cualquier llamada de emergencia: 911<\/p>\n<p style=\"text-align: center;\">Cualquier tipo de preguntas e informaci\u00f3n:<\/p>\n<p style=\"text-align: center;\">Llama al 1-844-USAGOV1 (1-844-872-4681)<\/p>\n<p style=\"text-align: center;\"><a href=\"https:\/\/www.usa.gov\/after-disaster\">Despu\u00e9s de un desastre<\/a><\/p>\n<p style=\"text-align: center;\"><a href=\"https:\/\/www.usa.gov\/disaster-financial-help\">Asistencia financiera despu\u00e9s de un desastre<\/a><\/p>\n<p style=\"text-align: center;\"><a href=\"https:\/\/www.usa.gov\/help-disaster-survivors\">Ayuda a los sobrevivientes de un desastre<\/a><\/p>\n<p style=\"text-align: center;\"><a href=\"https:\/\/www.usa.gov\/prepare-for-disasters\">Preparaci\u00f3n para desastres y emergencias<\/a><\/p>\n<\/div><div class=\"fusion-clearfix\"><\/div><\/div><\/div><\/div><\/div><\/p>\n","protected":false},"excerpt":{"rendered":"","protected":false},"author":2,"featured_media":0,"parent":0,"menu_order":0,"comment_status":"closed","ping_status":"closed","template":"100-width.php","meta":{"_monsterinsights_skip_tracking":false,"_monsterinsights_sitenote_active":false,"_monsterinsights_sitenote_note":"","_monsterinsights_sitenote_category":0,"footnotes":""},"class_list":["post-3959","page","type-page","status-publish","hentry"],"aioseo_notices":[],"_links":{"self":[{"href":"https:\/\/connectnw.net\/comcast-washington\/wp-json\/wp\/v2\/pages\/3959","targetHints":{"allow":["GET"]}}],"collection":[{"href":"https:\/\/connectnw.net\/comcast-washington\/wp-json\/wp\/v2\/pages"}],"about":[{"href":"https:\/\/connectnw.net\/comcast-washington\/wp-json\/wp\/v2\/types\/page"}],"author":[{"embeddable":true,"href":"https:\/\/connectnw.net\/comcast-washington\/wp-json\/wp\/v2\/users\/2"}],"replies":[{"embeddable":true,"href":"https:\/\/connectnw.net\/comcast-washington\/wp-json\/wp\/v2\/comments?post=3959"}],"version-history":[{"count":4,"href":"https:\/\/connectnw.net\/comcast-washington\/wp-json\/wp\/v2\/pages\/3959\/revisions"}],"predecessor-version":[{"id":3967,"href":"https:\/\/connectnw.net\/comcast-washington\/wp-json\/wp\/v2\/pages\/3959\/revisions\/3967"}],"wp:attachment":[{"href":"https:\/\/connectnw.net\/comcast-washington\/wp-json\/wp\/v2\/media?parent=3959"}],"curies":[{"name":"wp","href":"https:\/\/api.w.org\/{rel}","templated":true}]}}